{"id":202,"date":"2025-11-12T16:48:06","date_gmt":"2025-11-12T16:48:06","guid":{"rendered":"https:\/\/muehle.bergwerke.de\/?page_id=202"},"modified":"2025-11-12T17:26:32","modified_gmt":"2025-11-12T17:26:32","slug":"spenden","status":"publish","type":"page","link":"https:\/\/muehle.bergwerke.de\/?page_id=202","title":{"rendered":"Spenden"},"content":{"rendered":"<p>[et_pb_section fb_built=&#8220;1&#8243; admin_label=&#8220;Header&#8220; _builder_version=&#8220;4.24.3&#8243; _module_preset=&#8220;default&#8220; use_background_color_gradient=&#8220;on&#8220; background_color_gradient_stops=&#8220;rgba(15,57,59,0.8) 0%|rgba(15,57,59,0.8) 100%&#8220; background_color_gradient_overlays_image=&#8220;on&#8220; background_color_gradient_start=&#8220;rgba(15,57,59,0.8)&#8220; background_color_gradient_end=&#8220;rgba(15,57,59,0.8)&#8220; background_image=&#8220;https:\/\/muehle.bergwerke.de\/wp-content\/uploads\/2025\/10\/NGO-img-30.jpg&#8220; min_height=&#8220;472px&#8220; custom_margin=&#8220;||10px||false|false&#8220; custom_padding=&#8220;0vw||0vw||true|false&#8220; locked=&#8220;off&#8220; global_colors_info=&#8220;{}&#8220;][et_pb_row _builder_version=&#8220;4.16&#8243; _module_preset=&#8220;default&#8220; global_colors_info=&#8220;{}&#8220;][et_pb_column type=&#8220;4_4&#8243; _builder_version=&#8220;4.16&#8243; _module_preset=&#8220;default&#8220; custom_padding=&#8220;|190px||190px|false|true&#8220; custom_padding_tablet=&#8220;|30px||30px|false|true&#8220; custom_padding_phone=&#8220;|20px||20px|false|true&#8220; custom_padding_last_edited=&#8220;on|desktop&#8220; global_colors_info=&#8220;{}&#8220;][et_pb_text _builder_version=&#8220;4.16&#8243; _module_preset=&#8220;e864d11f-3dab-4fa3-ac06-4f0e1a260807&#8243; header_font=&#8220;DM Sans||||||||&#8220; header_text_align=&#8220;center&#8220; header_text_color=&#8220;#FFFFFF&#8220; header_font_size=&#8220;64px&#8220; header_letter_spacing=&#8220;-0.02em&#8220; header_line_height=&#8220;1.15em&#8220; custom_margin=&#8220;||16px||false|false&#8220; custom_padding=&#8220;18px|||||&#8220; header_font_size_tablet=&#8220;40px&#8220; header_font_size_phone=&#8220;24px&#8220; header_font_size_last_edited=&#8220;on|desktop&#8220; locked=&#8220;off&#8220; global_colors_info=&#8220;{}&#8220;]<\/p>\n<h1 data-start=\"153\" data-end=\"220\"><\/h1>\n<h1 data-start=\"153\" data-end=\"220\"><\/h1>\n<h1 data-start=\"153\" data-end=\"220\">Unterst\u00fctze die Offene M\u00fchle<\/h1>\n<p>[\/et_pb_text][et_pb_button button_url=&#8220;#&#8220; button_text=&#8220;Donate to a cause today&#8220; button_alignment=&#8220;center&#8220; _builder_version=&#8220;4.16&#8243; _module_preset=&#8220;94ef7aca-dcd9-4f9d-93b2-efa3466cebc7&#8243; custom_button=&#8220;on&#8220; button_text_size=&#8220;14px&#8220; button_text_color=&#8220;#FFFFFF&#8220; button_bg_color=&#8220;#ef8451&#8243; button_border_width=&#8220;0px&#8220; button_border_radius=&#8220;37px&#8220; button_font=&#8220;DM Sans|700||on|||||&#8220; custom_margin=&#8220;30px||||false|false&#8220; custom_padding=&#8220;15px|22px|12px|22px|false|true&#8220; locked=&#8220;off&#8220; global_colors_info=&#8220;{}&#8220;][\/et_pb_button][\/et_pb_column][\/et_pb_row][\/et_pb_section][et_pb_section fb_built=&#8220;1&#8243; _builder_version=&#8220;4.24.3&#8243; _module_preset=&#8220;default&#8220; background_color=&#8220;#f5f3ee&#8220; min_height=&#8220;100px&#8220; height=&#8220;185px&#8220; custom_margin=&#8220;-122px||-46px|||&#8220; hover_enabled=&#8220;0&#8243; global_colors_info=&#8220;{}&#8220; sticky_enabled=&#8220;0&#8243;][\/et_pb_section][et_pb_section fb_built=&#8220;1&#8243; admin_label=&#8220;Call to Action&#8220; _builder_version=&#8220;4.24.3&#8243; _module_preset=&#8220;default&#8220; background_color=&#8220;#f5f3ee&#8220; locked=&#8220;off&#8220; global_colors_info=&#8220;{}&#8220;][et_pb_row column_structure=&#8220;1_2,1_2&#8243; custom_padding_last_edited=&#8220;on|phone&#8220; _builder_version=&#8220;4.16&#8243; _module_preset=&#8220;default&#8220; background_color=&#8220;#2a6355&#8243; background_image=&#8220;https:\/\/muehle.bergwerke.de\/wp-content\/uploads\/2025\/10\/NGO-img-19.png&#8220; background_size=&#8220;initial&#8220; background_position=&#8220;bottom_right&#8220; min_height=&#8220;1003.2px&#8220; custom_margin=&#8220;-8vw|auto||auto|false|false&#8220; custom_margin_tablet=&#8220;||28px||false|false&#8220; custom_margin_phone=&#8220;||13px||false|false&#8220; custom_margin_last_edited=&#8220;off|desktop&#8220; custom_padding=&#8220;35px|60px|35px|60px|true|true&#8220; custom_padding_tablet=&#8220;40px|30px|40px|30px|true|true&#8220; custom_padding_phone=&#8220;|20px||20px|true|true&#8220; border_radii=&#8220;on|20px|20px|20px|20px&#8220; locked=&#8220;off&#8220; global_colors_info=&#8220;{}&#8220;][et_pb_column type=&#8220;1_2&#8243; _builder_version=&#8220;4.16&#8243; _module_preset=&#8220;default&#8220; global_colors_info=&#8220;{}&#8220;][et_pb_text _builder_version=&#8220;4.16&#8243; _module_preset=&#8220;534cc526-6274-4e31-9e1a-7f18a5947bf1&#8243; header_4_font=&#8220;DM Sans|700||on|||||&#8220; header_4_text_color=&#8220;#EF8451&#8243; header_4_font_size=&#8220;14px&#8220; header_4_letter_spacing=&#8220;1px&#8220; header_4_line_height=&#8220;1.5em&#8220; custom_margin=&#8220;||0px||false|false&#8220; header_4_font_size_tablet=&#8220;14px&#8220; header_4_font_size_phone=&#8220;&#8220; header_4_font_size_last_edited=&#8220;on|tablet&#8220; locked=&#8220;off&#8220; global_colors_info=&#8220;{}&#8220;][\/et_pb_text][et_pb_text _builder_version=&#8220;4.16&#8243; _module_preset=&#8220;df96b77a-cd4f-44a8-a771-2d6347592b53&#8243; header_2_font=&#8220;DM Sans||||||||&#8220; header_2_text_color=&#8220;#F2EBE4&#8243; header_2_font_size=&#8220;50px&#8220; header_2_letter_spacing=&#8220;-0.02em&#8220; header_2_line_height=&#8220;1.15em&#8220; header_2_font_size_tablet=&#8220;32px&#8220; header_2_font_size_phone=&#8220;20px&#8220; header_2_font_size_last_edited=&#8220;on|desktop&#8220; locked=&#8220;off&#8220; global_colors_info=&#8220;{}&#8220;]<\/p>\n<h1 data-start=\"153\" data-end=\"220\">Gemeinsam schaffen wir Begegnung!<\/h1>\n<p>[\/et_pb_text][et_pb_text _builder_version=&#8220;4.16&#8243; _module_preset=&#8220;41d5859c-fbaa-458a-88e4-5d886857f235&#8243; text_font=&#8220;Nanum Myeongjo|700|||||||&#8220; text_text_color=&#8220;#F2EBE4&#8243; text_font_size=&#8220;18px&#8220; text_line_height=&#8220;1.8em&#8220; text_font_size_tablet=&#8220;16px&#8220; text_font_size_phone=&#8220;14px&#8220; text_font_size_last_edited=&#8220;on|phone&#8220; locked=&#8220;off&#8220; global_colors_info=&#8220;{}&#8220;]<\/p>\n<h3><span style=\"font-family: inherit; font-weight: normal; color: #ffefef;\">Die Offene M\u00fchle ist ein Ort, an dem Menschen zusammenkommen, Ideen teilen, kreativ werden und Gemeinschaft leben. Ob bei Workshops, Konzerten oder einfach bei einer Tasse Kaffee \u2013 hier entsteht aus Begegnung etwas Besonderes.<\/span><\/h3>\n<h3><span style=\"font-family: inherit; font-weight: normal; color: #ffefef;\">Damit das so bleibt, brauchen wir dich! \u2764\ufe0f<\/span><\/h3>\n<h3><span style=\"font-family: inherit; font-weight: normal; color: #ffefef;\">Unsere Projekte, Veranstaltungen und der offene Raum werden mit viel Engagement, aber gr\u00f6\u00dftenteils ehrenamtlich getragen. Deine Spende hilft uns, die T\u00fcren der M\u00fchle weiterhin f\u00fcr alle offen zu halten \u2013 unabh\u00e4ngig vom Geldbeutel. Jeder Beitrag, egal wie gro\u00df oder klein, macht einen Unterschied.<\/span><\/h3>\n<h3><span style=\"font-family: inherit; font-weight: normal; color: #ffefef;\">Mit deiner Unterst\u00fctzung k\u00f6nnen wir:<\/span><\/h3>\n<ul data-start=\"854\" data-end=\"1106\">\n<li data-start=\"854\" data-end=\"911\">\n<h3><span style=\"font-family: inherit; font-weight: normal; color: #ffefef;\"> Material f\u00fcr Werkst\u00e4tten und Kreativangebote besorgen <\/span><\/h3>\n<\/li>\n<li data-start=\"912\" data-end=\"982\">\n<h3><span style=\"font-family: inherit; font-weight: normal; color: #ffefef;\"> Veranstaltungen f\u00fcr Kinder, Jugendliche und Erwachsene erm\u00f6glichen <\/span><\/h3>\n<\/li>\n<li data-start=\"983\" data-end=\"1032\">\n<h3><span style=\"font-family: inherit; font-weight: normal; color: #ffefef;\"> den M\u00fchlenraum instand halten und versch\u00f6nern <\/span><\/h3>\n<\/li>\n<li data-start=\"1033\" data-end=\"1106\">\n<h3><span style=\"font-family: inherit; font-weight: normal; color: #ffefef;\"> und weiterhin einen Ort schaffen, an dem sich alle willkommen f\u00fchlen. <\/span><\/h3>\n<\/li>\n<\/ul>\n<h3><span style=\"font-family: inherit; font-weight: normal; color: #ffefef;\">\ud83d\udc49 <strong data-start=\"1111\" data-end=\"1167\">Mach mit und hilf uns, die M\u00fchle lebendig zu halten!<\/strong><\/span><br data-start=\"1167\" data-end=\"1170\" \/><span style=\"font-family: inherit; font-weight: normal; color: #ffefef;\">Gemeinsam lassen wir die Offene M\u00fchle weiter drehen \u2013 f\u00fcr Neubrandenburg, f\u00fcr dich, f\u00fcr uns alle.<\/span><\/h3>\n<p>[\/et_pb_text][\/et_pb_column][et_pb_column type=&#8220;1_2&#8243; _builder_version=&#8220;4.16&#8243; _module_preset=&#8220;default&#8220; background_color=&#8220;#FFFFFF&#8220; custom_padding=&#8220;40px|30px|40px|30px|true|true&#8220; custom_padding_tablet=&#8220;&#8220; custom_padding_phone=&#8220;|20px||20px|true|true&#8220; custom_padding_last_edited=&#8220;on|phone&#8220; border_radii=&#8220;on|26px|26px|26px|26px&#8220; box_shadow_style=&#8220;preset3&#8243; box_shadow_vertical=&#8220;40px&#8220; box_shadow_blur=&#8220;60px&#8220; box_shadow_spread=&#8220;-10px&#8220; box_shadow_color=&#8220;rgba(3,86,92,0.1)&#8220; global_colors_info=&#8220;{}&#8220;][et_pb_text _builder_version=&#8220;4.16&#8243; _module_preset=&#8220;03ed4834-a81a-41ec-bfd6-98a6a9949751&#8243; text_text_color=&#8220;#0F393B&#8220; header_font=&#8220;||||||||&#8220; header_3_font=&#8220;DM Sans||||||||&#8220; header_3_text_color=&#8220;#093532&#8243; header_3_font_size=&#8220;36px&#8220; header_3_letter_spacing=&#8220;-0.02em&#8220; header_3_line_height=&#8220;1.2em&#8220; text_orientation=&#8220;center&#8220; custom_margin=&#8220;||10px||false|false&#8220; header_3_font_size_tablet=&#8220;20px&#8220; header_3_font_size_phone=&#8220;16px&#8220; header_3_font_size_last_edited=&#8220;on|phone&#8220; locked=&#8220;off&#8220; global_colors_info=&#8220;{}&#8220;]<\/p>\n<h3>Spendenkonto<\/h3>\n<p>Offene M\u00fchle<\/p>\n<p>IBAN: DE123456789<\/p>\n<p>BIC: NBXXXXX<\/p>\n<p>Bank NB<\/p>\n<p>[\/et_pb_text][et_pb_button button_url=&#8220;#&#8220; button_text=&#8220;QR-Code f\u00fcr Onlinebanking&#8220; button_alignment=&#8220;center&#8220; _builder_version=&#8220;4.24.3&#8243; _module_preset=&#8220;94ef7aca-dcd9-4f9d-93b2-efa3466cebc7&#8243; custom_button=&#8220;on&#8220; button_text_size=&#8220;14px&#8220; button_text_color=&#8220;#FFFFFF&#8220; button_bg_color=&#8220;#ef8451&#8243; button_border_width=&#8220;0px&#8220; button_border_radius=&#8220;37px&#8220; button_font=&#8220;DM Sans|700||on|||||&#8220; custom_margin=&#8220;30px||||false|false&#8220; custom_padding=&#8220;15px|22px|12px|22px|false|true&#8220; locked=&#8220;off&#8220; global_colors_info=&#8220;{}&#8220;][\/et_pb_button][\/et_pb_column][\/et_pb_row][\/et_pb_section][et_pb_section fb_built=&#8220;1&#8243; admin_label=&#8220;Footer&#8220; _builder_version=&#8220;4.16&#8243; _module_preset=&#8220;default&#8220; background_color=&#8220;#0f393b&#8220; custom_padding=&#8220;5vw||5vw||true|false&#8220; border_radii=&#8220;off|20px|20px||&#8220; saved_tabs=&#8220;all&#8220; locked=&#8220;off&#8220; global_colors_info=&#8220;{}&#8220;][et_pb_row _builder_version=&#8220;4.16&#8243; _module_preset=&#8220;default&#8220; global_colors_info=&#8220;{}&#8220;][et_pb_column type=&#8220;4_4&#8243; _builder_version=&#8220;4.16&#8243; _module_preset=&#8220;default&#8220; global_colors_info=&#8220;{}&#8220;][et_pb_text _builder_version=&#8220;4.16&#8243; _module_preset=&#8220;df96b77a-cd4f-44a8-a771-2d6347592b53&#8243; header_2_font=&#8220;DM Sans||||||||&#8220; header_2_text_align=&#8220;center&#8220; header_2_text_color=&#8220;#FFFFFF&#8220; header_2_font_size=&#8220;50px&#8220; header_2_letter_spacing=&#8220;-0.02em&#8220; header_2_line_height=&#8220;1.15em&#8220; max_width=&#8220;960px&#8220; module_alignment=&#8220;center&#8220; header_2_text_align_tablet=&#8220;left&#8220; header_2_text_align_phone=&#8220;&#8220; header_2_text_align_last_edited=&#8220;on|phone&#8220; header_2_font_size_tablet=&#8220;32px&#8220; header_2_font_size_phone=&#8220;20px&#8220; header_2_font_size_last_edited=&#8220;on|desktop&#8220; locked=&#8220;off&#8220; global_colors_info=&#8220;{}&#8220;]<\/p>\n<h2>Join our mission. Volunteer, Donate, Advocate. Get Started Today.<\/h2>\n<p>[\/et_pb_text][\/et_pb_column][\/et_pb_row][et_pb_row column_structure=&#8220;1_2,1_2&#8243; _builder_version=&#8220;4.16&#8243; _module_preset=&#8220;default&#8220; custom_padding=&#8220;0px||||false|false&#8220; global_colors_info=&#8220;{}&#8220;][et_pb_column type=&#8220;1_2&#8243; _builder_version=&#8220;4.16&#8243; _module_preset=&#8220;default&#8220; global_colors_info=&#8220;{}&#8220;][et_pb_text _builder_version=&#8220;4.16&#8243; _module_preset=&#8220;default&#8220; text_font=&#8220;DM Sans||||||||&#8220; text_text_color=&#8220;#FFFFFF&#8220; text_font_size=&#8220;22px&#8220; link_text_color=&#8220;#FFFFFF&#8220; text_orientation=&#8220;right&#8220; text_font_size_tablet=&#8220;18px&#8220; text_font_size_phone=&#8220;14px&#8220; text_font_size_last_edited=&#8220;on|tablet&#8220; text_orientation_tablet=&#8220;left&#8220; text_orientation_phone=&#8220;&#8220; text_orientation_last_edited=&#8220;on|tablet&#8220; global_colors_info=&#8220;{}&#8220; link_text_color__hover_enabled=&#8220;on|hover&#8220; link_text_color__hover=&#8220;#FFFFFF&#8220;]<\/p>\n<p>Email: <a href=\"mailto:hello@divingo.com\">hello@divingo.com<\/a><\/p>\n<p>[\/et_pb_text][\/et_pb_column][et_pb_column type=&#8220;1_2&#8243; _builder_version=&#8220;4.16&#8243; _module_preset=&#8220;default&#8220; global_colors_info=&#8220;{}&#8220;][et_pb_text _builder_version=&#8220;4.16&#8243; _module_preset=&#8220;default&#8220; text_font=&#8220;DM Sans||||||||&#8220; text_text_color=&#8220;#FFFFFF&#8220; text_font_size=&#8220;22px&#8220; link_text_color=&#8220;#FFFFFF&#8220; text_font_size_tablet=&#8220;18px&#8220; text_font_size_phone=&#8220;14px&#8220; text_font_size_last_edited=&#8220;on|tablet&#8220; locked=&#8220;off&#8220; global_colors_info=&#8220;{}&#8220; link_text_color__hover_enabled=&#8220;on|hover&#8220; link_text_color__hover=&#8220;#FFFFFF&#8220;]<\/p>\n<p>Call Anytime: (235)-135-6213<\/p>\n<p>[\/et_pb_text][\/et_pb_column][\/et_pb_row][et_pb_row column_structure=&#8220;1_2,1_2&#8243; _builder_version=&#8220;4.16&#8243; _module_preset=&#8220;default&#8220; global_colors_info=&#8220;{}&#8220;][et_pb_column type=&#8220;1_2&#8243; _builder_version=&#8220;4.16&#8243; _module_preset=&#8220;default&#8220; global_colors_info=&#8220;{}&#8220;][et_pb_button button_text=&#8220;Browse Campaigns&#8220; button_alignment=&#8220;right&#8220; button_alignment_tablet=&#8220;left&#8220; button_alignment_phone=&#8220;&#8220; button_alignment_last_edited=&#8220;on|tablet&#8220; _builder_version=&#8220;4.16&#8243; _module_preset=&#8220;94ef7aca-dcd9-4f9d-93b2-efa3466cebc7&#8243; custom_button=&#8220;on&#8220; button_text_size=&#8220;14px&#8220; button_text_color=&#8220;#FFFFFF&#8220; button_bg_color=&#8220;#ef8451&#8243; button_border_width=&#8220;0px&#8220; button_border_radius=&#8220;37px&#8220; button_font=&#8220;DM Sans|700||on|||||&#8220; custom_padding=&#8220;15px|22px|12px|22px|false|true&#8220; locked=&#8220;off&#8220; global_colors_info=&#8220;{}&#8220;][\/et_pb_button][\/et_pb_column][et_pb_column type=&#8220;1_2&#8243; _builder_version=&#8220;4.16&#8243; _module_preset=&#8220;default&#8220; global_colors_info=&#8220;{}&#8220;][et_pb_button button_text=&#8220;Get Involved&#8220; _builder_version=&#8220;4.16&#8243; _module_preset=&#8220;6414ef9f-e386-4555-a7b7-4544a239078b&#8220; custom_button=&#8220;on&#8220; button_text_size=&#8220;14px&#8220; button_text_color=&#8220;#ef8451&#8243; button_border_width=&#8220;1px&#8220; button_border_color=&#8220;#ef8451&#8243; button_border_radius=&#8220;37px&#8220; button_letter_spacing=&#8220;1px&#8220; button_font=&#8220;DM Sans|700||on|||||&#8220; custom_padding=&#8220;15px|24px|12px|24px|false|true&#8220; locked=&#8220;off&#8220; global_colors_info=&#8220;{}&#8220; button_text_color__hover_enabled=&#8220;on|hover&#8220; button_text_color__hover=&#8220;#FFFFFF&#8220; button_bg_color__hover_enabled=&#8220;on|hover&#8220; button_bg_color__hover=&#8220;#ef8451&#8243; button_bg_enable_color__hover=&#8220;on&#8220;][\/et_pb_button][\/et_pb_column][\/et_pb_row][\/et_pb_section]<\/p>\n","protected":false},"excerpt":{"rendered":"<p>Unterst\u00fctze die Offene M\u00fchleGemeinsam schaffen wir Begegnung!Die Offene M\u00fchle ist ein Ort, an dem Menschen zusammenkommen, Ideen teilen, kreativ werden und Gemeinschaft leben. Ob bei Workshops, Konzerten oder einfach bei einer Tasse Kaffee \u2013 hier entsteht aus Begegnung etwas Besonderes. Damit das so bleibt, brauchen wir dich! \u2764\ufe0f Unsere Projekte, Veranstaltungen und der offene Raum [&hellip;]<\/p>\n","protected":false},"author":1,"featured_media":0,"parent":0,"menu_order":0,"comment_status":"closed","ping_status":"closed","template":"","meta":{"_et_pb_use_builder":"on","_et_pb_old_content":"","_et_gb_content_width":"","inline_featured_image":false,"footnotes":""},"dipi_cpt_category":[13,15],"class_list":["post-202","page","type-page","status-publish","hentry","dipi_cpt_category-main","dipi_cpt_category-spenden"],"_links":{"self":[{"href":"https:\/\/muehle.bergwerke.de\/index.php?rest_route=\/wp\/v2\/pages\/202","targetHints":{"allow":["GET"]}}],"collection":[{"href":"https:\/\/muehle.bergwerke.de\/index.php?rest_route=\/wp\/v2\/pages"}],"about":[{"href":"https:\/\/muehle.bergwerke.de\/index.php?rest_route=\/wp\/v2\/types\/page"}],"author":[{"embeddable":true,"href":"https:\/\/muehle.bergwerke.de\/index.php?rest_route=\/wp\/v2\/users\/1"}],"replies":[{"embeddable":true,"href":"https:\/\/muehle.bergwerke.de\/index.php?rest_route=%2Fwp%2Fv2%2Fcomments&post=202"}],"version-history":[{"count":5,"href":"https:\/\/muehle.bergwerke.de\/index.php?rest_route=\/wp\/v2\/pages\/202\/revisions"}],"predecessor-version":[{"id":293,"href":"https:\/\/muehle.bergwerke.de\/index.php?rest_route=\/wp\/v2\/pages\/202\/revisions\/293"}],"wp:attachment":[{"href":"https:\/\/muehle.bergwerke.de\/index.php?rest_route=%2Fwp%2Fv2%2Fmedia&parent=202"}],"wp:term":[{"taxonomy":"dipi_cpt_category","embeddable":true,"href":"https:\/\/muehle.bergwerke.de\/index.php?rest_route=%2Fwp%2Fv2%2Fdipi_cpt_category&post=202"}],"curies":[{"name":"wp","href":"https:\/\/api.w.org\/{rel}","templated":true}]}}