{"id":46,"date":"2025-10-15T18:35:46","date_gmt":"2025-10-15T18:35:46","guid":{"rendered":"https:\/\/muehle.bergwerke.de\/?page_id=46"},"modified":"2025-11-25T23:55:22","modified_gmt":"2025-11-25T23:55:22","slug":"startseite","status":"publish","type":"page","link":"https:\/\/muehle.bergwerke.de\/","title":{"rendered":"Offene M\u00fchle"},"content":{"rendered":"<p>[et_pb_section fb_built=&#8220;1&#8243; admin_label=&#8220;Header&#8220; _builder_version=&#8220;4.24.3&#8243; _module_preset=&#8220;default&#8220; background_color=&#8220;gcid-4b797d91-6ba8-4db3-bf06-daa0454bba0a&#8220; custom_padding=&#8220;0vw||0vw||true|false&#8220; locked=&#8220;off&#8220; global_colors_info=&#8220;{%22gcid-4b797d91-6ba8-4db3-bf06-daa0454bba0a%22:%91%22background_color%22%93}&#8220;][et_pb_row _builder_version=&#8220;4.24.3&#8243; _module_preset=&#8220;default&#8220; global_colors_info=&#8220;{}&#8220;][et_pb_column type=&#8220;4_4&#8243; _builder_version=&#8220;4.16&#8243; _module_preset=&#8220;default&#8220; custom_padding=&#8220;|190px||190px|false|true&#8220; custom_padding_tablet=&#8220;|30px||30px|false|true&#8220; custom_padding_phone=&#8220;|20px||20px|false|true&#8220; custom_padding_last_edited=&#8220;on|desktop&#8220; global_colors_info=&#8220;{}&#8220;][et_pb_text _builder_version=&#8220;4.24.3&#8243; _module_preset=&#8220;e864d11f-3dab-4fa3-ac06-4f0e1a260807&#8243; text_font=&#8220;||||||||&#8220; header_font=&#8220;||||||||&#8220; header_text_align=&#8220;center&#8220; header_text_color=&#8220;#FFFFFF&#8220; header_font_size=&#8220;64px&#8220; header_letter_spacing=&#8220;-0.02em&#8220; header_line_height=&#8220;1.15em&#8220; header_2_text_color=&#8220;#FFFFFF&#8220; custom_margin=&#8220;||16px||false|false&#8220; custom_padding=&#8220;||0px|||&#8220; header_font_size_tablet=&#8220;40px&#8220; header_font_size_phone=&#8220;24px&#8220; header_font_size_last_edited=&#8220;on|desktop&#8220; locked=&#8220;off&#8220; global_colors_info=&#8220;{}&#8220;]<\/p>\n<p style=\"text-align: center;\"><span style=\"font-size: xx-large; color: #ffffff;\"><strong>HERZLICH WILLKOMMEN <br \/><\/strong><\/span><span style=\"font-size: large; color: #ffffff;\"><strong>IN DER<\/strong><\/span><\/p>\n<h1><strong>Offenen M\u00fchle<\/strong><\/h1>\n<p>&nbsp;<\/p>\n<p>[\/et_pb_text][et_pb_text _builder_version=&#8220;4.24.3&#8243; _module_preset=&#8220;41d5859c-fbaa-458a-88e4-5d886857f235&#8243; text_font=&#8220;Nanum Myeongjo|700|||||||&#8220; text_text_color=&#8220;#FFFFFF&#8220; text_font_size=&#8220;18px&#8220; text_line_height=&#8220;1.8em&#8220; header_font=&#8220;|600|||||||&#8220; header_text_align=&#8220;center&#8220; header_text_color=&#8220;#FFFFFF&#8220; header_2_font=&#8220;||||||||&#8220; text_orientation=&#8220;center&#8220; custom_padding=&#8220;0px|||||&#8220; text_font_size_tablet=&#8220;16px&#8220; text_font_size_phone=&#8220;14px&#8220; text_font_size_last_edited=&#8220;on|phone&#8220; locked=&#8220;off&#8220; global_colors_info=&#8220;{}&#8220;]<\/p>\n<h2 style=\"text-align: center;\"><span style=\"color: #ffffff;\">Ein Ort der Begegnung<br \/>am Herzen von Neubrandenburg<\/span><\/h2>\n<p>[\/et_pb_text][\/et_pb_column][\/et_pb_row][\/et_pb_section][et_pb_section fb_built=&#8220;1&#8243; admin_label=&#8220;Call to Action&#8220; _builder_version=&#8220;4.24.3&#8243; _module_preset=&#8220;default&#8220; min_height=&#8220;998.9px&#8220; locked=&#8220;off&#8220; global_colors_info=&#8220;{}&#8220;][et_pb_row column_structure=&#8220;1_2,1_2&#8243; _builder_version=&#8220;4.24.3&#8243; _module_preset=&#8220;default&#8220; global_colors_info=&#8220;{}&#8220;][et_pb_column type=&#8220;1_2&#8243; _builder_version=&#8220;4.24.3&#8243; _module_preset=&#8220;default&#8220; global_colors_info=&#8220;{}&#8220;][et_pb_image src=&#8220;https:\/\/muehle.bergwerke.de\/wp-content\/uploads\/2025\/10\/muehle_aussen_1-e1708957229223-1024&#215;507-1.jpeg&#8220; title_text=&#8220;muehle_aussen_1-e1708957229223-1024&#215;507&#8243; _builder_version=&#8220;4.24.3&#8243; _module_preset=&#8220;default&#8220; border_radii=&#8220;on|10px|10px|10px|10px&#8220; global_colors_info=&#8220;{}&#8220;][\/et_pb_image][\/et_pb_column][et_pb_column type=&#8220;1_2&#8243; _builder_version=&#8220;4.24.3&#8243; _module_preset=&#8220;default&#8220; global_colors_info=&#8220;{}&#8220;][et_pb_text _builder_version=&#8220;4.24.3&#8243; _module_preset=&#8220;default&#8220; global_colors_info=&#8220;{}&#8220;]<\/p>\n<p><span style=\"font-weight: 400;\">Seit 2023 entsteht in der Vierradem\u00fchle durch viele Tausend Stunden <\/span> <span style=\"font-weight: 400;\">ehrenamtlicher Arbeit von Freiwilligen ein Zentrum f\u00fcr Kultur, Kreativit\u00e4t und <\/span> <span style=\"font-weight: 400;\">Gemeinschaft. Die Offene M\u00fchle versteht sich als Einladung an die Stadtgesellschaft in <\/span> <span style=\"font-weight: 400;\">Neubrandenburg, den Ort und die jeweiligen Angebote aktiv mitzugestalten und an der <\/span> <span style=\"font-weight: 400;\">Entwicklung teilzuhaben.<\/span><\/p>\n<p>Von der Kinderdisco \u00fcber regelm\u00e4\u00dfige Treffen von festen Gruppen bis zum Tanztee sind f\u00fcr alle Generationen Veranstaltungen im Angebot der Offenen M\u00fchle entstanden, die zum Verweilen, zum Austausch und zur Beteiligung anregen sollen.<\/p>\n<p><span style=\"font-weight: 400;\">Auf dieser Webseite k\u00f6nnen Sie sich ein Bild von den Aktionen machen und wir <\/span> <span style=\"font-weight: 400;\">w\u00fcrden uns freuen, Sie bald bei uns in der Offenen M\u00fchle begr\u00fc\u00dfen zu d\u00fcrfen!<\/span><\/p>\n<p>&nbsp;<\/p>\n<p>[\/et_pb_text][\/et_pb_column][\/et_pb_row][et_pb_row column_structure=&#8220;1_2,1_2&#8243; _builder_version=&#8220;4.16&#8243; _module_preset=&#8220;default&#8220; locked=&#8220;off&#8220; global_colors_info=&#8220;{}&#8220;][et_pb_column type=&#8220;1_2&#8243; _builder_version=&#8220;4.16&#8243; _module_preset=&#8220;default&#8220; background_color=&#8220;#ef8451&#8243; background_enable_image=&#8220;off&#8220; background_size=&#8220;initial&#8220; background_position=&#8220;center_right&#8220; custom_padding=&#8220;50px|40px|50px|40px|true|false&#8220; custom_padding_tablet=&#8220;30px|30px|30px|30px|true|true&#8220; custom_padding_phone=&#8220;30px|20px|30px|20px|true|true&#8220; custom_padding_last_edited=&#8220;on|phone&#8220; border_radii=&#8220;on|20px|20px|20px|20px&#8220; global_colors_info=&#8220;{}&#8220;][et_pb_text _builder_version=&#8220;4.24.3&#8243; _module_preset=&#8220;534cc526-6274-4e31-9e1a-7f18a5947bf1&#8243; header_4_font=&#8220;|700||on|||||&#8220; header_4_text_align=&#8220;left&#8220; header_4_text_color=&#8220;#093532&#8243; header_4_font_size=&#8220;14px&#8220; header_4_letter_spacing=&#8220;1px&#8220; header_4_line_height=&#8220;1.5em&#8220; custom_margin=&#8220;||0px||false|false&#8220; header_4_font_size_tablet=&#8220;14px&#8220; header_4_font_size_phone=&#8220;&#8220; header_4_font_size_last_edited=&#8220;on|tablet&#8220; locked=&#8220;off&#8220; global_colors_info=&#8220;{}&#8220;]<\/p>\n<h4>Events<\/h4>\n<p>[\/et_pb_text][et_pb_text _builder_version=&#8220;4.24.3&#8243; _module_preset=&#8220;df96b77a-cd4f-44a8-a771-2d6347592b53&#8243; header_text_color=&#8220;#FFFFFF&#8220; header_font_size=&#8220;50px&#8220; header_2_font=&#8220;||||||||&#8220; header_2_text_align=&#8220;left&#8220; header_2_text_color=&#8220;#FFFFFF&#8220; header_2_font_size=&#8220;50px&#8220; header_2_letter_spacing=&#8220;-0.02em&#8220; header_2_line_height=&#8220;1.15em&#8220; header_2_font_size_tablet=&#8220;32px&#8220; header_2_font_size_phone=&#8220;20px&#8220; header_2_font_size_last_edited=&#8220;on|desktop&#8220; locked=&#8220;off&#8220; global_colors_info=&#8220;{}&#8220;]<\/p>\n<h1>Hier findest du alle kommenden Veranstaltungen!<\/h1>\n<p>[\/et_pb_text][et_pb_button button_url=&#8220;@ET-DC@eyJkeW5hbWljIjp0cnVlLCJjb250ZW50IjoicG9zdF9saW5rX3VybF9wYWdlIiwic2V0dGluZ3MiOnsicG9zdF9pZCI6IjE0MSJ9fQ==@&#8220; url_new_window=&#8220;on&#8220; button_text=&#8220;Veranstaltungen&#8220; _builder_version=&#8220;4.24.3&#8243; _dynamic_attributes=&#8220;button_url&#8220; _module_preset=&#8220;6414ef9f-e386-4555-a7b7-4544a239078b&#8220; custom_padding=&#8220;15px|24px|12px|24px|false|true&#8220; locked=&#8220;off&#8220; global_colors_info=&#8220;{}&#8220; button_text_color__hover_enabled=&#8220;on|hover&#8220; button_text_color__hover=&#8220;#FFFFFF&#8220; button_bg_color__hover_enabled=&#8220;on|hover&#8220; button_bg_color__hover=&#8220;#ef8451&#8243; button_bg_enable_color__hover=&#8220;on&#8220;][\/et_pb_button][\/et_pb_column][et_pb_column type=&#8220;1_2&#8243; _builder_version=&#8220;4.16&#8243; _module_preset=&#8220;default&#8220; background_color=&#8220;#124c51&#8243; custom_padding=&#8220;50px|40px|50px|40px|true|false&#8220; custom_padding_tablet=&#8220;30px|30px|30px|30px|true|true&#8220; custom_padding_phone=&#8220;30px|20px|30px|20px|true|true&#8220; custom_padding_last_edited=&#8220;on|tablet&#8220; border_radii=&#8220;on|20px|20px|20px|20px&#8220; global_colors_info=&#8220;{}&#8220;][et_pb_text _builder_version=&#8220;4.24.3&#8243; _module_preset=&#8220;534cc526-6274-4e31-9e1a-7f18a5947bf1&#8243; header_4_font=&#8220;|700||on|||||&#8220; header_4_text_align=&#8220;left&#8220; header_4_text_color=&#8220;#EF8451&#8243; header_4_font_size=&#8220;14px&#8220; header_4_letter_spacing=&#8220;1px&#8220; header_4_line_height=&#8220;1.5em&#8220; custom_margin=&#8220;||0px||false|false&#8220; header_4_font_size_tablet=&#8220;14px&#8220; header_4_font_size_phone=&#8220;&#8220; header_4_font_size_last_edited=&#8220;on|tablet&#8220; locked=&#8220;off&#8220; global_colors_info=&#8220;{}&#8220;]<\/p>\n<h4>Spenden<\/h4>\n<p>[\/et_pb_text][et_pb_text _builder_version=&#8220;4.24.3&#8243; _module_preset=&#8220;df96b77a-cd4f-44a8-a771-2d6347592b53&#8243; header_2_font=&#8220;||||||||&#8220; header_2_text_align=&#8220;left&#8220; header_2_text_color=&#8220;#FFFFFF&#8220; header_2_font_size=&#8220;50px&#8220; header_2_letter_spacing=&#8220;-0.02em&#8220; header_2_line_height=&#8220;1.15em&#8220; header_4_font=&#8220;|300|||||||&#8220; header_2_font_size_tablet=&#8220;32px&#8220; header_2_font_size_phone=&#8220;20px&#8220; header_2_font_size_last_edited=&#8220;on|desktop&#8220; locked=&#8220;off&#8220; global_colors_info=&#8220;{}&#8220;]<\/p>\n<h2>Gib&#8216; der M\u00fchle ein Bier aus!<\/h2>\n<h4><span style=\"color: #ffffff;\">\u00a0<\/span><\/h4>\n<p><span style=\"font-size: large;\"><em><span style=\"color: #ffffff;\">Wir freuen uns \u00fcber jede Spende, egal ob einmalig ein paar Euro oder einen monatlichen Betrag. Deine Unterst\u00fctzung h\u00e4lt das Projekt am Leben!<\/span><\/em><\/span><\/p>\n<p>[\/et_pb_text][et_pb_button button_url=&#8220;@ET-DC@eyJkeW5hbWljIjp0cnVlLCJjb250ZW50IjoicG9zdF9saW5rX3VybF9wYWdlIiwic2V0dGluZ3MiOnsicG9zdF9pZCI6IjIwMiJ9fQ==@&#8220; url_new_window=&#8220;on&#8220; button_text=&#8220;Spenden&#8220; _builder_version=&#8220;4.24.3&#8243; _dynamic_attributes=&#8220;button_url&#8220; _module_preset=&#8220;6414ef9f-e386-4555-a7b7-4544a239078b&#8220; custom_padding=&#8220;15px|24px|12px|24px|false|true&#8220; locked=&#8220;off&#8220; global_colors_info=&#8220;{}&#8220; button_text_color__hover_enabled=&#8220;on|hover&#8220; button_text_color__hover=&#8220;#FFFFFF&#8220; button_bg_color__hover_enabled=&#8220;on|hover&#8220; button_bg_color__hover=&#8220;#ef8451&#8243; button_bg_enable_color__hover=&#8220;on&#8220;][\/et_pb_button][\/et_pb_column][\/et_pb_row][\/et_pb_section][et_pb_section fb_built=&#8220;1&#8243; _builder_version=&#8220;4.24.3&#8243; _module_preset=&#8220;default&#8220; custom_padding=&#8220;0px|||||&#8220; global_colors_info=&#8220;{}&#8220;][et_pb_row _builder_version=&#8220;4.24.3&#8243; _module_preset=&#8220;default&#8220; global_colors_info=&#8220;{}&#8220;][et_pb_column type=&#8220;4_4&#8243; _builder_version=&#8220;4.24.3&#8243; _module_preset=&#8220;default&#8220; global_colors_info=&#8220;{}&#8220;][sb_instagram_feed feed_id=&#8220;1&#8243; _builder_version=&#8220;4.24.3&#8243; _module_preset=&#8220;default&#8220; global_colors_info=&#8220;{}&#8220;][\/sb_instagram_feed][\/et_pb_column][\/et_pb_row][\/et_pb_section]<\/p>\n","protected":false},"excerpt":{"rendered":"<p>HERZLICH WILLKOMMEN IN DER Offenen M\u00fchle &nbsp;Ein Ort der Begegnungam Herzen von NeubrandenburgSeit 2023 entsteht in der Vierradem\u00fchle durch viele Tausend Stunden ehrenamtlicher Arbeit von Freiwilligen ein Zentrum f\u00fcr Kultur, Kreativit\u00e4t und Gemeinschaft. Die Offene M\u00fchle versteht sich als Einladung an die Stadtgesellschaft in Neubrandenburg, den Ort und die jeweiligen Angebote aktiv mitzugestalten und an [&hellip;]<\/p>\n","protected":false},"author":1,"featured_media":0,"parent":0,"menu_order":0,"comment_status":"closed","ping_status":"closed","template":"","meta":{"_et_pb_use_builder":"on","_et_pb_old_content":"","_et_gb_content_width":"","inline_featured_image":false,"footnotes":""},"dipi_cpt_category":[13],"class_list":["post-46","page","type-page","status-publish","hentry","dipi_cpt_category-main"],"_links":{"self":[{"href":"https:\/\/muehle.bergwerke.de\/index.php?rest_route=\/wp\/v2\/pages\/46","targetHints":{"allow":["GET"]}}],"collection":[{"href":"https:\/\/muehle.bergwerke.de\/index.php?rest_route=\/wp\/v2\/pages"}],"about":[{"href":"https:\/\/muehle.bergwerke.de\/index.php?rest_route=\/wp\/v2\/types\/page"}],"author":[{"embeddable":true,"href":"https:\/\/muehle.bergwerke.de\/index.php?rest_route=\/wp\/v2\/users\/1"}],"replies":[{"embeddable":true,"href":"https:\/\/muehle.bergwerke.de\/index.php?rest_route=%2Fwp%2Fv2%2Fcomments&post=46"}],"version-history":[{"count":5,"href":"https:\/\/muehle.bergwerke.de\/index.php?rest_route=\/wp\/v2\/pages\/46\/revisions"}],"predecessor-version":[{"id":512,"href":"https:\/\/muehle.bergwerke.de\/index.php?rest_route=\/wp\/v2\/pages\/46\/revisions\/512"}],"wp:attachment":[{"href":"https:\/\/muehle.bergwerke.de\/index.php?rest_route=%2Fwp%2Fv2%2Fmedia&parent=46"}],"wp:term":[{"taxonomy":"dipi_cpt_category","embeddable":true,"href":"https:\/\/muehle.bergwerke.de\/index.php?rest_route=%2Fwp%2Fv2%2Fdipi_cpt_category&post=46"}],"curies":[{"name":"wp","href":"https:\/\/api.w.org\/{rel}","templated":true}]}}